{"id":37,"date":"2020-03-15T18:01:37","date_gmt":"2020-03-15T18:01:37","guid":{"rendered":"http:\/\/nordlichtblog.de\/?page_id=37"},"modified":"2024-10-16T22:25:55","modified_gmt":"2024-10-16T20:25:55","slug":"impressum","status":"publish","type":"page","link":"https:\/\/nordlichtblog.de\/?page_id=37","title":{"rendered":"Impressum"},"content":{"rendered":"\n<p>Elsa-Sophia Ascherl<\/p>\n\n\n\n<p><\/p>\n\n\n\n<p>Mail: <a href=\"mailto:el-s.a@hotmail.com\">el-s.a@hotmail.com<\/a><\/p>\n\n\n\n<h3 class=\"wp-block-heading\">Rechtliche Hinweise<\/h3>\n\n\n\n<p><em>(Haftungsausschluss\/Disclaimer)<\/em><\/p>\n\n\n\n<p>1. Inhalt des Onlineangebotes<\/p>\n\n\n\n<p>Der Autor \u00fcbernimmt keinerlei Gew\u00e4hr f\u00fcr die Aktualit\u00e4t, Korrektheit,\n Vollst\u00e4ndigkeit oder Qualit\u00e4t der bereitgestellten Informationen. \nHaftungsanspr\u00fcche gegen den Autor, welche sich auf Sch\u00e4den materieller \noder ideeller Art beziehen, die durch die Nutzung oder Nichtnutzung der \ndargebotenen Informationen bzw. durch die Nutzung fehlerhafter und \nunvollst\u00e4ndiger Informationen verursacht wurden sind grunds\u00e4tzlich \nausgeschlossen, sofern seitens des Autors kein nachweislich \nvors\u00e4tzliches oder grob fahrl\u00e4ssiges Verschulden vorliegt. Alle Angebote\n sind freibleibend und unverbindlich. Der Autor beh\u00e4lt es sich \nausdr\u00fccklich vor, Teile der Seiten oder das gesamte Angebot ohne \ngesonderte Ank\u00fcndigung zu ver\u00e4ndern, zu erg\u00e4nzen, zu l\u00f6schen oder die \nVer\u00f6ffentlichung zeitweise oder endg\u00fcltig einzustellen.<\/p>\n\n\n\n<p>2. Verweise und Links<\/p>\n\n\n\n<p>Bei direkten oder indirekten Verweisen auf fremde Internetseiten \n(&#8222;Links&#8220;), die au\u00dferhalb des Verantwortungsbereiches des Autors liegen, \nw\u00fcrde eine Haftungsverpflichtung ausschlie\u00dflich in dem Fall in Kraft \ntreten, in dem der Autor von den Inhalten Kenntnis hat und es ihm \ntechnisch m\u00f6glich und zumutbar w\u00e4re, die Nutzung im Falle rechtswidriger\n Inhalte zu verhindern. Der Autor erkl\u00e4rt daher ausdr\u00fccklich, dass zum \nZeitpunkt der Linksetzung die entsprechenden verlinkten Seiten frei von \nillegalen Inhalten waren. Der Autor hat keinerlei Einfluss auf die \naktuelle und zuk\u00fcnftige Gestaltung und auf die Inhalte der \ngelinkten\/verkn\u00fcpften Seiten. Deshalb distanziert er sich hiermit \nausdr\u00fccklich von allen Inhalten aller gelinkten \/verkn\u00fcpften Seiten, die\n nach der Linksetzung ver\u00e4ndert wurden. Diese Feststellung gilt f\u00fcr alle\n innerhalb des eigenen Internetangebotes gesetzten Links und Verweise \nsowie f\u00fcr Fremdeintr\u00e4ge in vom Autor eingerichteten G\u00e4steb\u00fcchern, \nDiskussionsforen und Mailinglisten. F\u00fcr illegale, fehlerhafte oder \nunvollst\u00e4ndige Inhalte und insbesondere f\u00fcr Sch\u00e4den, die aus der Nutzung\n oder Nichtnutzung solcherart dargebotener Informationen entstehen, \nhaftet allein der Anbieter der Seite, auf welche verwiesen wurde, nicht \nderjenige, der \u00fcber Links auf die jeweilige Ver\u00f6ffentlichung lediglich \nverweist.<\/p>\n\n\n\n<p>3. Urheber- und Kennzeichenrecht<\/p>\n\n\n\n<p>Der Autor ist bestrebt, in allen Publikationen die Urheberrechte der \nverwendeten Grafiken, Tondokumente, Videosequenzen und Texte zu \nbeachten, von ihm selbst erstellte Grafiken, Tondokumente, \nVideosequenzen und Texte zu nutzen oder auf lizenzfreie Grafiken, \nTondokumente, Videosequenzen und Texte zur\u00fcckzugreifen. Alle innerhalb \ndes Internetangebotes genannten und ggf. durch Dritte gesch\u00fctzten \nMarken- und Warenzeichen unterliegen uneingeschr\u00e4nkt den Bestimmungen \ndes jeweils g\u00fcltigen Kennzeichenrechts und den Besitzrechten der \njeweiligen eingetragenen Eigent\u00fcmer. Allein aufgrund der blo\u00dfen Nennung \nist nicht der Schlu\u00df zu ziehen, dass Markenzeichen nicht durch Rechte \nDritter gesch\u00fctzt sind! Das Copyright f\u00fcr ver\u00f6ffentlichte, vom Autor \nselbst erstellte Objekte bleibt allein beim Autor der Seiten. Eine \nVervielf\u00e4ltigung oder Verwendung solcher Grafiken, Tondokumente, \nVideosequenzen und Texte in anderen elektronischen oder gedruckten \nPublikationen ist ohne ausdr\u00fcckliche Zustimmung des Autors nicht \ngestattet.<\/p>\n\n\n\n<p>4. Rechtswirksamkeit dieses Haftungsausschlusses<\/p>\n\n\n\n<p>Dieser Haftungsausschluss ist als Teil des Internetangebotes zu \nbetrachten, von dem aus auf diese Seite verwiesen wurde. Sofern Teile \noder einzelne Formulierungen dieses Textes der geltenden Rechtslage \nnicht, nicht mehr oder nicht vollst\u00e4ndig entsprechen sollten, bleiben \ndie \u00fcbrigen Teile des Dokumentes in ihrem Inhalt und ihrer G\u00fcltigkeit \ndavon unber\u00fchrt.<\/p>\n","protected":false},"excerpt":{"rendered":"<p>Elsa-Sophia Ascherl Mail: el-s.a@hotmail.com Rechtliche Hinweise (Haftungsausschluss\/Disclaimer) 1. Inhalt des Onlineangebotes Der Autor \u00fcbernimmt keinerlei Gew\u00e4hr f\u00fcr die Aktualit\u00e4t, Korrektheit, Vollst\u00e4ndigkeit oder Qualit\u00e4t der bereitgestellten Informationen. Haftungsanspr\u00fcche gegen den Autor, welche sich auf Sch\u00e4den materieller oder ideeller Art beziehen, die durch die Nutzung oder Nichtnutzung der dargebotenen Informationen bzw. durch die Nutzung fehlerhafter und unvollst\u00e4ndiger&hellip;<\/p>\n","protected":false},"author":1,"featured_media":0,"parent":0,"menu_order":0,"comment_status":"closed","ping_status":"closed","template":"","meta":{"ngg_post_thumbnail":0,"footnotes":""},"class_list":["post-37","page","type-page","status-publish","hentry"],"_links":{"self":[{"href":"https:\/\/nordlichtblog.de\/index.php?rest_route=\/wp\/v2\/pages\/37","targetHints":{"allow":["GET"]}}],"collection":[{"href":"https:\/\/nordlichtblog.de\/index.php?rest_route=\/wp\/v2\/pages"}],"about":[{"href":"https:\/\/nordlichtblog.de\/index.php?rest_route=\/wp\/v2\/types\/page"}],"author":[{"embeddable":true,"href":"https:\/\/nordlichtblog.de\/index.php?rest_route=\/wp\/v2\/users\/1"}],"replies":[{"embeddable":true,"href":"https:\/\/nordlichtblog.de\/index.php?rest_route=%2Fwp%2Fv2%2Fcomments&post=37"}],"version-history":[{"count":3,"href":"https:\/\/nordlichtblog.de\/index.php?rest_route=\/wp\/v2\/pages\/37\/revisions"}],"predecessor-version":[{"id":1837,"href":"https:\/\/nordlichtblog.de\/index.php?rest_route=\/wp\/v2\/pages\/37\/revisions\/1837"}],"wp:attachment":[{"href":"https:\/\/nordlichtblog.de\/index.php?rest_route=%2Fwp%2Fv2%2Fmedia&parent=37"}],"curies":[{"name":"wp","href":"https:\/\/api.w.org\/{rel}","templated":true}]}}