{"id":252,"date":"2020-03-18T23:36:33","date_gmt":"2020-03-18T22:36:33","guid":{"rendered":"http:\/\/nordlichtblog.de\/?page_id=252"},"modified":"2022-01-03T19:07:52","modified_gmt":"2022-01-03T18:07:52","slug":"moin-moin","status":"publish","type":"page","link":"http:\/\/nordlichtblog.de\/?page_id=252","title":{"rendered":"Moin Moin!"},"content":{"rendered":"\n<div class=\"wp-block-image\"><figure class=\"alignleft size-large is-resized\"><img loading=\"lazy\" decoding=\"async\" src=\"http:\/\/nordlichtblog.de\/wp-content\/uploads\/2020\/03\/DSC8445-1024x1024.jpg\" alt=\"\" class=\"wp-image-253\" width=\"198\" height=\"198\" srcset=\"http:\/\/nordlichtblog.de\/wp-content\/uploads\/2020\/03\/DSC8445-1024x1024.jpg 1024w, http:\/\/nordlichtblog.de\/wp-content\/uploads\/2020\/03\/DSC8445-300x300.jpg 300w, http:\/\/nordlichtblog.de\/wp-content\/uploads\/2020\/03\/DSC8445-150x150.jpg 150w, http:\/\/nordlichtblog.de\/wp-content\/uploads\/2020\/03\/DSC8445-768x768.jpg 768w, http:\/\/nordlichtblog.de\/wp-content\/uploads\/2020\/03\/DSC8445-1536x1536.jpg 1536w, http:\/\/nordlichtblog.de\/wp-content\/uploads\/2020\/03\/DSC8445.jpg 1717w\" sizes=\"auto, (max-width: 198px) 100vw, 198px\" \/><\/figure><\/div>\n\n\n\n<div class=\"wp-block-group\"><div class=\"wp-block-group__inner-container is-layout-flow wp-block-group-is-layout-flow\">\n<p class=\"has-text-color\" style=\"color:#000000\">Ich bin Elsa und m\u00f6chte auf dieser Seite von meinen Reisen und dem, was mich im Alltag so besch\u00e4ftigt, erz\u00e4hlen.<br>Die <strong>Reiseberichte<\/strong> und zugeh\u00f6rigen <strong>Bilder<\/strong> findet ihr im <strong>Logbuch<\/strong> bzw. bei den Fotos direkt.<br>In der Rubrik <strong>Inklusion<\/strong> berichte ich von meinem <strong>Alltag als Sozialarbeiterin<\/strong>. Bei der Arbeit mit Menschen mit geistiger Behinderung und\/oder psychischer Erkrankung erlebe ich viele spannende Dinge, bei denen man merkt, dass das mit der Inklusion leider doch nicht immer so einfach ist, wie alle immer denken. <br>Bei <strong>Dit &amp; Dat<\/strong>  schreibe ich \u00fcber unterschiedliche Dinge, die mich so besch\u00e4ftigen und  in der <strong>Schatzkiste<\/strong> zeige ich Euch ein paar Links zu spannenden Themen.<br>Ich w\u00fcnsche Euch viel Spa\u00df beim Lesen! <\/p>\n<\/div><\/div>\n\n\n\n<p><\/p>\n","protected":false},"excerpt":{"rendered":"<p>Ich bin Elsa und m\u00f6chte auf dieser Seite von meinen Reisen und dem, was mich im Alltag so besch\u00e4ftigt, erz\u00e4hlen.Die Reiseberichte und zugeh\u00f6rigen Bilder findet ihr im Logbuch bzw. bei den Fotos direkt.In der Rubrik Inklusion berichte ich von meinem Alltag als Sozialarbeiterin. Bei der Arbeit mit Menschen mit geistiger Behinderung und\/oder psychischer Erkrankung erlebe&hellip;<\/p>\n","protected":false},"author":1,"featured_media":0,"parent":0,"menu_order":0,"comment_status":"closed","ping_status":"closed","template":"","meta":{"ngg_post_thumbnail":0,"footnotes":""},"class_list":["post-252","page","type-page","status-publish","hentry"],"_links":{"self":[{"href":"http:\/\/nordlichtblog.de\/index.php?rest_route=\/wp\/v2\/pages\/252","targetHints":{"allow":["GET"]}}],"collection":[{"href":"http:\/\/nordlichtblog.de\/index.php?rest_route=\/wp\/v2\/pages"}],"about":[{"href":"http:\/\/nordlichtblog.de\/index.php?rest_route=\/wp\/v2\/types\/page"}],"author":[{"embeddable":true,"href":"http:\/\/nordlichtblog.de\/index.php?rest_route=\/wp\/v2\/users\/1"}],"replies":[{"embeddable":true,"href":"http:\/\/nordlichtblog.de\/index.php?rest_route=%2Fwp%2Fv2%2Fcomments&post=252"}],"version-history":[{"count":9,"href":"http:\/\/nordlichtblog.de\/index.php?rest_route=\/wp\/v2\/pages\/252\/revisions"}],"predecessor-version":[{"id":1657,"href":"http:\/\/nordlichtblog.de\/index.php?rest_route=\/wp\/v2\/pages\/252\/revisions\/1657"}],"wp:attachment":[{"href":"http:\/\/nordlichtblog.de\/index.php?rest_route=%2Fwp%2Fv2%2Fmedia&parent=252"}],"curies":[{"name":"wp","href":"https:\/\/api.w.org\/{rel}","templated":true}]}}